{"id":21,"date":"2017-02-25T19:04:03","date_gmt":"2017-02-25T19:04:03","guid":{"rendered":"http:\/\/sitewp.oap-uaicf-paris.fr\/?page_id=21"},"modified":"2025-03-19T13:08:44","modified_gmt":"2025-03-19T11:08:44","slug":"le-plectre","status":"publish","type":"page","link":"https:\/\/www.oap-uaicf-paris.fr\/?page_id=21","title":{"rendered":"Le plectre"},"content":{"rendered":"<p style=\"text-align: justify;\">Le <em>Petit Larousse<\/em> nous en donne la d\u00e9finition suivante : du grec <em>plektron<\/em>, d\u00e9signe la baguette de bois, d\u2019ivoire, etc&#8230; qui sert \u00e0 toucher les cordes de la lyre. Par extension, c\u2019est le m\u00e9diator, ce petit morceau d\u2019\u00e9caille utilis\u00e9 par les mandolinistes.<\/p>\n<p style=\"text-align: justify;\">L\u2019emploi du plectre doit d\u2019ailleurs remonter aux temps les plus lointains. Les Scythes auraient fabriqu\u00e9 leurs plectres avec des ongles de ch\u00e8vre! Certaines sources, dont l\u2019encyclop\u00e9die de la musique FASQUELLE, le consid\u00e8rent comme une invention de Sappho, mais la tradition veut qu\u2019il ait \u00e9t\u00e9 connu \u00e0 l\u2019\u00e9poque mythique et que Linos, se moquant de la maladresse d\u2019Hercule \u00e0 jouer de la lyre, en ait \u00e9t\u00e9 frapp\u00e9 mortellement par son \u00e9l\u00e8ve !<\/p>\n","protected":false},"excerpt":{"rendered":"<p>Le Petit Larousse nous en donne la d\u00e9finition suivante : du grec plektron, d\u00e9signe la baguette de bois, d\u2019ivoire, etc&#8230; qui sert \u00e0 toucher les cordes de la lyre. Par extension, c\u2019est le m\u00e9diator, ce petit morceau d\u2019\u00e9caille utilis\u00e9 par les mandolinistes. L\u2019emploi du plectre doit d\u2019ailleurs remonter aux temps les plus lointains. Les Scythes &hellip; <a href=\"https:\/\/www.oap-uaicf-paris.fr\/?page_id=21\" class=\"more-link\">Continuer la lecture de <span class=\"screen-reader-text\">Le plectre<\/span> <span class=\"meta-nav\">&rarr;<\/span><\/a><\/p>\n","protected":false},"author":2,"featured_media":0,"parent":23,"menu_order":0,"comment_status":"closed","ping_status":"closed","template":"","meta":{"_mc_calendar":[],"footnotes":""},"class_list":["post-21","page","type-page","status-publish","hentry"],"_links":{"self":[{"href":"https:\/\/www.oap-uaicf-paris.fr\/index.php?rest_route=\/wp\/v2\/pages\/21","targetHints":{"allow":["GET"]}}],"collection":[{"href":"https:\/\/www.oap-uaicf-paris.fr\/index.php?rest_route=\/wp\/v2\/pages"}],"about":[{"href":"https:\/\/www.oap-uaicf-paris.fr\/index.php?rest_route=\/wp\/v2\/types\/page"}],"author":[{"embeddable":true,"href":"https:\/\/www.oap-uaicf-paris.fr\/index.php?rest_route=\/wp\/v2\/users\/2"}],"replies":[{"embeddable":true,"href":"https:\/\/www.oap-uaicf-paris.fr\/index.php?rest_route=%2Fwp%2Fv2%2Fcomments&post=21"}],"version-history":[{"count":1,"href":"https:\/\/www.oap-uaicf-paris.fr\/index.php?rest_route=\/wp\/v2\/pages\/21\/revisions"}],"predecessor-version":[{"id":770,"href":"https:\/\/www.oap-uaicf-paris.fr\/index.php?rest_route=\/wp\/v2\/pages\/21\/revisions\/770"}],"up":[{"embeddable":true,"href":"https:\/\/www.oap-uaicf-paris.fr\/index.php?rest_route=\/wp\/v2\/pages\/23"}],"wp:attachment":[{"href":"https:\/\/www.oap-uaicf-paris.fr\/index.php?rest_route=%2Fwp%2Fv2%2Fmedia&parent=21"}],"curies":[{"name":"wp","href":"https:\/\/api.w.org\/{rel}","templated":true}]}}