{"id":23,"date":"2017-02-25T19:05:47","date_gmt":"2017-02-25T19:05:47","guid":{"rendered":"http:\/\/sitewp.oap-uaicf-paris.fr\/?page_id=23"},"modified":"2025-09-29T16:56:21","modified_gmt":"2025-09-29T14:56:21","slug":"orchestreaplectre","status":"publish","type":"page","link":"https:\/\/www.oap-uaicf-paris.fr\/?page_id=23","title":{"rendered":"L&rsquo;Orchestre \u00e0 Plectre"},"content":{"rendered":"<p style=\"text-align: justify;\">C\u2019est un orchestre symphonique dans lequel les mandolines ont pris la place des violons. En effet, la m\u00e9lodie est confi\u00e9e aux pupitres de <strong>premi\u00e8res et secondes mandolines<\/strong>, alors que <strong>mandoles<\/strong> et <strong>mandoloncelles<\/strong> assurent les parties interm\u00e9diaires. Les parties de mandoloncelle peuvent \u00eatre soutenues en cas de besoin par des violoncelles. Le r\u00f4le des <strong>guitares<\/strong> est primordial, tant\u00f4t elles assurent l\u2019accompagnement, tant\u00f4t, au contraire, elles remplacent la harpe. Cet ensemble est soutenu d\u2019une part, par un pupitre de <strong>mandolones<\/strong> (ou \u00e0 d\u00e9faut par des contrebasses) et d\u2019autre part, quelquefois par un pupitre de percussions comportant timbales, m\u00e9talophones, jeux de cloches, triangles, tambourins, crotales et autres accessoires.<\/p>\n<p style=\"text-align: justify;\">Pour apporter une couleur que les instruments \u00e0 plectre ne peuvent donner, l\u2019ensemble utilise fl\u00fbte, hautbois et une clarinette, dont le timbre se marie \u00e0 merveille avec celui de la mandoline. Konrad W\u00f6lki, compositeur allemand, n\u2019a-t-il pas \u00e9crit sp\u00e9cialement deux grandes ouvertures pour fl\u00fbtes, hautbois, clarinettes et orchestre \u00e0 plectre ?<\/p>\n<p style=\"text-align: justify;\">L&rsquo;<strong>Orchestre \u00e0 Plectre UAICF de Paris<\/strong> compte actuellement 14 mandolines, 4 mandoles, 2 mandoloncelles, 5 guitares, 1 guitare basse et 1 mandolone, le tout accompagn\u00e9 par 2 fl\u00fbtes traversi\u00e8res, 1 clarinette et 1 hautbois.<\/p>\n","protected":false},"excerpt":{"rendered":"<p>C\u2019est un orchestre symphonique dans lequel les mandolines ont pris la place des violons. En effet, la m\u00e9lodie est confi\u00e9e aux pupitres de premi\u00e8res et secondes mandolines, alors que mandoles et mandoloncelles assurent les parties interm\u00e9diaires. Les parties de mandoloncelle peuvent \u00eatre soutenues en cas de besoin par des violoncelles. Le r\u00f4le des guitares est &hellip; <a href=\"https:\/\/www.oap-uaicf-paris.fr\/?page_id=23\" class=\"more-link\">Continuer la lecture de <span class=\"screen-reader-text\">L&rsquo;Orchestre \u00e0 Plectre<\/span> <span class=\"meta-nav\">&rarr;<\/span><\/a><\/p>\n","protected":false},"author":2,"featured_media":0,"parent":0,"menu_order":0,"comment_status":"closed","ping_status":"closed","template":"","meta":{"_mc_calendar":[],"footnotes":""},"class_list":["post-23","page","type-page","status-publish","hentry"],"_links":{"self":[{"href":"https:\/\/www.oap-uaicf-paris.fr\/index.php?rest_route=\/wp\/v2\/pages\/23","targetHints":{"allow":["GET"]}}],"collection":[{"href":"https:\/\/www.oap-uaicf-paris.fr\/index.php?rest_route=\/wp\/v2\/pages"}],"about":[{"href":"https:\/\/www.oap-uaicf-paris.fr\/index.php?rest_route=\/wp\/v2\/types\/page"}],"author":[{"embeddable":true,"href":"https:\/\/www.oap-uaicf-paris.fr\/index.php?rest_route=\/wp\/v2\/users\/2"}],"replies":[{"embeddable":true,"href":"https:\/\/www.oap-uaicf-paris.fr\/index.php?rest_route=%2Fwp%2Fv2%2Fcomments&post=23"}],"version-history":[{"count":1,"href":"https:\/\/www.oap-uaicf-paris.fr\/index.php?rest_route=\/wp\/v2\/pages\/23\/revisions"}],"predecessor-version":[{"id":917,"href":"https:\/\/www.oap-uaicf-paris.fr\/index.php?rest_route=\/wp\/v2\/pages\/23\/revisions\/917"}],"wp:attachment":[{"href":"https:\/\/www.oap-uaicf-paris.fr\/index.php?rest_route=%2Fwp%2Fv2%2Fmedia&parent=23"}],"curies":[{"name":"wp","href":"https:\/\/api.w.org\/{rel}","templated":true}]}}