{"id":30,"date":"2017-02-25T19:11:37","date_gmt":"2017-02-25T19:11:37","guid":{"rendered":"http:\/\/sitewp.oap-uaicf-paris.fr\/?page_id=30"},"modified":"2025-03-24T15:26:04","modified_gmt":"2025-03-24T13:26:04","slug":"qui-sommes-nous","status":"publish","type":"page","link":"https:\/\/www.oap-uaicf-paris.fr\/?page_id=30","title":{"rendered":"Qui sommes-nous"},"content":{"rendered":"\n<p><strong><em>L\u2019Orchestre \u00e0 Plectre UAICF de Paris <\/em><\/strong>est un <strong>orchestre amateur<\/strong> form\u00e9 initialement de mandolines auxquelles sont venus se joindre mandoles, mandoloncelles, mandolones, guitares, fl\u00fbtes, hautbois, clarinettes et percussions.<\/p>\n\n\n\n<figure class=\"wp-block-image size-large\"><img loading=\"lazy\" decoding=\"async\" width=\"1024\" height=\"239\" src=\"http:\/\/www.oap-uaicf-paris.fr\/wp-content\/uploads\/cropped-PhotoChelles_WEB-1024x239.jpg\" alt=\"\" class=\"wp-image-17\" srcset=\"https:\/\/www.oap-uaicf-paris.fr\/wp-content\/uploads\/cropped-PhotoChelles_WEB-1024x239.jpg 1024w, https:\/\/www.oap-uaicf-paris.fr\/wp-content\/uploads\/cropped-PhotoChelles_WEB-300x70.jpg 300w, https:\/\/www.oap-uaicf-paris.fr\/wp-content\/uploads\/cropped-PhotoChelles_WEB-768x179.jpg 768w, https:\/\/www.oap-uaicf-paris.fr\/wp-content\/uploads\/cropped-PhotoChelles_WEB.jpg 1200w\" sizes=\"auto, (max-width: 1024px) 100vw, 1024px\" \/><\/figure>\n\n\n\n<p>Depuis plus de 60 ans, nous interpr\u00e9tons un r\u00e9pertoire riche et vari\u00e9. Nous avons d\u00e9j\u00e0 enregistr\u00e9 quatre disques. Vous pouvez entendre des extraits du dernier disque dans la rubrique <a href=\"http:\/\/www.oap-uaicf-paris.fr\/?page_id=34\">R\u00e9pertoire<\/a>.<\/p>\n\n\n\n<p>Nous donnons plusieurs concerts par an, dont un grand<strong> Concert de Gala<\/strong> en d\u00e9cembre. Chaque ann\u00e9e, la ville de Paris ne manque pas de nous solliciter pour ses <strong>Concerts Parcs et Jardins<\/strong>.<\/p>\n\n\n\n<p>Notre orchestre est affili\u00e9 au Comit\u00e9 Ouest de l\u2019UAICF, un des sept comit\u00e9s g\u00e9ographiques de l\u2019Union Artistique et Intellectuelle des Cheminots Fran\u00e7ais. En tant qu\u2019orchestre de Paris, il est aussi rattach\u00e9 \u00e0 la F\u00e9d\u00e9ration Musicale de Paris (<a href=\"https:\/\/www.federationmusicaledeparis.com\/\" target=\"_blank\" rel=\"noreferrer noopener\">FMP<\/a>).<\/p>\n\n\n\n<p>Nous r\u00e9p\u00e9tons tous les jeudis \u00e0 20h00 au 190 avenue de Clichy, Paris 17. Plus d\u2019infos sur la page \u00ab\u00a0<a href=\"http:\/\/www.oap-uaicf-paris.fr\/?page_id=44\" data-type=\"page\" data-id=\"44\">R\u00e9p\u00e9titions<\/a>\u00ab\u00a0.<\/p>\n\n\n\n<p>N\u2019h\u00e9sitez pas venez nous rejoindre ! <\/p>\n\n\n\n<p><\/p>\n","protected":false},"excerpt":{"rendered":"<p>L\u2019Orchestre \u00e0 Plectre UAICF de Paris est un orchestre amateur form\u00e9 initialement de mandolines auxquelles sont venus se joindre mandoles, mandoloncelles, mandolones, guitares, fl\u00fbtes, hautbois, clarinettes et percussions. Depuis plus de 60 ans, nous interpr\u00e9tons un r\u00e9pertoire riche et vari\u00e9. Nous avons d\u00e9j\u00e0 enregistr\u00e9 quatre disques. Vous pouvez entendre des extraits du dernier disque dans &hellip; <a href=\"https:\/\/www.oap-uaicf-paris.fr\/?page_id=30\" class=\"more-link\">Continuer la lecture de <span class=\"screen-reader-text\">Qui sommes-nous<\/span> <span class=\"meta-nav\">&rarr;<\/span><\/a><\/p>\n","protected":false},"author":2,"featured_media":0,"parent":0,"menu_order":0,"comment_status":"closed","ping_status":"closed","template":"","meta":{"_mc_calendar":[],"footnotes":""},"class_list":["post-30","page","type-page","status-publish","hentry"],"_links":{"self":[{"href":"https:\/\/www.oap-uaicf-paris.fr\/index.php?rest_route=\/wp\/v2\/pages\/30","targetHints":{"allow":["GET"]}}],"collection":[{"href":"https:\/\/www.oap-uaicf-paris.fr\/index.php?rest_route=\/wp\/v2\/pages"}],"about":[{"href":"https:\/\/www.oap-uaicf-paris.fr\/index.php?rest_route=\/wp\/v2\/types\/page"}],"author":[{"embeddable":true,"href":"https:\/\/www.oap-uaicf-paris.fr\/index.php?rest_route=\/wp\/v2\/users\/2"}],"replies":[{"embeddable":true,"href":"https:\/\/www.oap-uaicf-paris.fr\/index.php?rest_route=%2Fwp%2Fv2%2Fcomments&post=30"}],"version-history":[{"count":15,"href":"https:\/\/www.oap-uaicf-paris.fr\/index.php?rest_route=\/wp\/v2\/pages\/30\/revisions"}],"predecessor-version":[{"id":828,"href":"https:\/\/www.oap-uaicf-paris.fr\/index.php?rest_route=\/wp\/v2\/pages\/30\/revisions\/828"}],"wp:attachment":[{"href":"https:\/\/www.oap-uaicf-paris.fr\/index.php?rest_route=%2Fwp%2Fv2%2Fmedia&parent=30"}],"curies":[{"name":"wp","href":"https:\/\/api.w.org\/{rel}","templated":true}]}}