{"id":32,"date":"2017-02-25T19:13:35","date_gmt":"2017-02-25T19:13:35","guid":{"rendered":"http:\/\/sitewp.oap-uaicf-paris.fr\/?page_id=32"},"modified":"2025-03-24T15:24:50","modified_gmt":"2025-03-24T13:24:50","slug":"historique","status":"publish","type":"page","link":"https:\/\/www.oap-uaicf-paris.fr\/?page_id=32","title":{"rendered":"Historique"},"content":{"rendered":"<p style=\"text-align: justify;\">L&rsquo;<b>Orchestre \u00e0 Plectre de la SNCF Paris<\/b> (OAP SNCF Paris) a \u00e9t\u00e9 cr\u00e9\u00e9 en 1945 par Ren\u00e9 Marteau au sein de l\u2019Union Artistique et Intellectuelle des Cheminots Fran\u00e7ais (<a href=\"http:\/\/www.uaicf.asso.fr\" target=\"_blank\" rel=\"noopener\">UAICF<\/a>). Au d\u00e9but, seul un sextuor r\u00e9p\u00e9tait une fois par mois dans une salle du Foyer St Martin. Puis l&rsquo;effectif augmenta et, d\u00e8s lors, commen\u00e7a l&rsquo;ascension r\u00e9guli\u00e8re de l&rsquo;OAP SNCF.<\/p>\n<p style=\"text-align: justify;\">En <em>1952<\/em>, \u00e0 Olivet-Orl\u00e9ans, c&rsquo;est un ensemble de 52 musiciens qui est class\u00e9 en <strong>division d&rsquo;excellence, section A<\/strong>. En <em>juin 1953<\/em>, \u00e0 Dieppe, c&rsquo;est la <strong>division d&rsquo;honneur<\/strong> avant d&rsquo;acc\u00e9der le <em>5 juin 1955<\/em> au concours du Luxembourg \u00e0 la <strong>division d&rsquo;honneur internationale<\/strong>. En <em>juin 1959<\/em>, \u00e0 St James, puis en <em>mai 1965<\/em> \u00e0 l&rsquo;Aigle, l&rsquo;OAP est confirm\u00e9 dans son classement. Le <em>3 mai 1975<\/em>, devant un jury pr\u00e9sid\u00e9 par le Colonel Raymond Richard, ancien Directeur de la Garde R\u00e9publicaine de Paris, l\u2019OAP SNCF se voyait confirm\u00e9 en <strong>Division d\u2019Honneur<\/strong>. Le <em>14 juin 1981<\/em>, l\u2019OAP SNCF. obtient un <strong>premier prix<\/strong>, \u00e0 La Rochelle, ainsi que la coupe de la ville. Il continuera \u00e0 concourir en <strong>Division d\u2019Honneur<\/strong>.<\/p>\n<p style=\"text-align: justify;\">Suite \u00e0 la r\u00e9organisation de l&rsquo;entreprise SNCF en trois groupes distincts, l&rsquo;Orchestre \u00e0 Plectre de la SNCF Paris d\u00e9cide \u00e0 l&rsquo;Assembl\u00e9e G\u00e9n\u00e9rale Extraordinaire du 28 janvier 2017 de s&rsquo;appeler <b>Orchestre \u00e0 Plectre UAICF de Paris<\/b> (OAP UAICF de PARIS).<\/p>\n<h2 style=\"text-align: justify;\"><strong>Les disques enregistr\u00e9s par l&rsquo;Orchestre<\/strong><\/h2>\n<p style=\"text-align: justify;\">En <em>1971<\/em>, l&rsquo;orchestre enregistre un premier disque \u00ab\u00a0Plus Belles Pages Pour Mandolines\u00a0\u00bb (Chapell.CH.33511).<\/p>\n<p style=\"text-align: justify;\">Devant le succ\u00e8s remport\u00e9 par cet album, un deuxi\u00e8me est enregistr\u00e9 en <em>1972<\/em>, \u00ab\u00a0Plus Belles Pages Pour Mandolines, vol. 2\u00a0\u00bb (Chapell.CH.33515). qui obtient la seconde mention d&rsquo;Honneur (la premi\u00e8re \u00e9tant attribu\u00e9e \u00e0 l&rsquo;Orchestre Philharmonique de Vienne).<\/p>\n<p style=\"text-align: justify;\">Un troisi\u00e8me disque est enregistr\u00e9 en <em>1987<\/em>, sous l&rsquo;impulsion de Jean-Marie Wilmaut, puis un quatri\u00e8me en <em>1998<\/em>, sous la direction de Fabrice Petit lors du 52 \u00e8me concert annuel de gala. Ce dernier disque est encore disponible et vous pouvez vous le procurer lors de nos concerts.<\/p>\n<p style=\"text-align: justify;\">Notre enregistrement le plus r\u00e9cent date de f\u00e9vrier 2012 . Il reprend une grande partie de nos programmes de ces derni\u00e8res ann\u00e9es. Vous pouvez vous procurer le CD dont il est issu lors de nos concerts <a href=\"http:\/\/www.oap-uaicf-paris.fr\/?page_id=34\">(plus d&rsquo;infos sur le CD&#8230;).<\/a>.<\/p>\n<h2 style=\"text-align: justify;\"><strong>Les Directeurs Artistiques de l&rsquo;Orchestre<\/strong><\/h2>\n<ul>\n<li style=\"list-style-type: none;\">\n<ul>\n<li style=\"text-align: justify;\">1945 &#8211; 1966: Ren\u00e9 Marteau (fondateur de l&rsquo;orchestre)<\/li>\n<li style=\"text-align: justify;\">1966 &#8211; 1975: Sylvain Dagosto<\/li>\n<li style=\"text-align: justify;\">1975 &#8211; 1977: Christian Schneider<\/li>\n<li style=\"text-align: justify;\">1977 &#8211; 1978: Maurice Pouillard<\/li>\n<li style=\"text-align: justify;\">1979 &#8211; 1983: Robert Parmentier<\/li>\n<li style=\"text-align: justify;\">1983 &#8211; 1989: Jean-Marie Wilmaut<\/li>\n<li style=\"text-align: justify;\">1989 &#8211; : Fabrice Petit<\/li>\n<\/ul>\n<\/li>\n<\/ul>\n","protected":false},"excerpt":{"rendered":"<p>L&rsquo;Orchestre \u00e0 Plectre de la SNCF Paris (OAP SNCF Paris) a \u00e9t\u00e9 cr\u00e9\u00e9 en 1945 par Ren\u00e9 Marteau au sein de l\u2019Union Artistique et Intellectuelle des Cheminots Fran\u00e7ais (UAICF). Au d\u00e9but, seul un sextuor r\u00e9p\u00e9tait une fois par mois dans une salle du Foyer St Martin. Puis l&rsquo;effectif augmenta et, d\u00e8s lors, commen\u00e7a l&rsquo;ascension r\u00e9guli\u00e8re &hellip; <a href=\"https:\/\/www.oap-uaicf-paris.fr\/?page_id=32\" class=\"more-link\">Continuer la lecture de <span class=\"screen-reader-text\">Historique<\/span> <span class=\"meta-nav\">&rarr;<\/span><\/a><\/p>\n","protected":false},"author":2,"featured_media":0,"parent":30,"menu_order":0,"comment_status":"closed","ping_status":"closed","template":"","meta":{"_mc_calendar":[],"footnotes":""},"class_list":["post-32","page","type-page","status-publish","hentry"],"_links":{"self":[{"href":"https:\/\/www.oap-uaicf-paris.fr\/index.php?rest_route=\/wp\/v2\/pages\/32","targetHints":{"allow":["GET"]}}],"collection":[{"href":"https:\/\/www.oap-uaicf-paris.fr\/index.php?rest_route=\/wp\/v2\/pages"}],"about":[{"href":"https:\/\/www.oap-uaicf-paris.fr\/index.php?rest_route=\/wp\/v2\/types\/page"}],"author":[{"embeddable":true,"href":"https:\/\/www.oap-uaicf-paris.fr\/index.php?rest_route=\/wp\/v2\/users\/2"}],"replies":[{"embeddable":true,"href":"https:\/\/www.oap-uaicf-paris.fr\/index.php?rest_route=%2Fwp%2Fv2%2Fcomments&post=32"}],"version-history":[{"count":2,"href":"https:\/\/www.oap-uaicf-paris.fr\/index.php?rest_route=\/wp\/v2\/pages\/32\/revisions"}],"predecessor-version":[{"id":826,"href":"https:\/\/www.oap-uaicf-paris.fr\/index.php?rest_route=\/wp\/v2\/pages\/32\/revisions\/826"}],"up":[{"embeddable":true,"href":"https:\/\/www.oap-uaicf-paris.fr\/index.php?rest_route=\/wp\/v2\/pages\/30"}],"wp:attachment":[{"href":"https:\/\/www.oap-uaicf-paris.fr\/index.php?rest_route=%2Fwp%2Fv2%2Fmedia&parent=32"}],"curies":[{"name":"wp","href":"https:\/\/api.w.org\/{rel}","templated":true}]}}