{"id":34,"date":"2017-02-25T19:14:22","date_gmt":"2017-02-25T19:14:22","guid":{"rendered":"http:\/\/sitewp.oap-uaicf-paris.fr\/?page_id=34"},"modified":"2025-03-27T10:16:49","modified_gmt":"2025-03-27T08:16:49","slug":"repertoire","status":"publish","type":"page","link":"https:\/\/www.oap-uaicf-paris.fr\/?page_id=34","title":{"rendered":"R\u00e9pertoire"},"content":{"rendered":"\n<p>Notre r\u00e9pertoire s&rsquo;est \u00e9toff\u00e9 au fil des ans et compte maintenant environs 500 \u0153uvres de styles vari\u00e9s (folkloriques, l\u00e9g\u00e8res, classiques, anciennes et contemporaines)<\/p>\n\n\n\n<p>A titre d\u2019exemple, voici quelques titres qui figurent \u00e0 notre programme actuel :<\/p>\n\n\n\n<figure class=\"wp-block-image size-full\"><img loading=\"lazy\" decoding=\"async\" width=\"791\" height=\"702\" src=\"http:\/\/www.oap-uaicf-paris.fr\/wp-content\/uploads\/repertoire-extrait.jpg\" alt=\"\" class=\"wp-image-832\" srcset=\"https:\/\/www.oap-uaicf-paris.fr\/wp-content\/uploads\/repertoire-extrait.jpg 791w, https:\/\/www.oap-uaicf-paris.fr\/wp-content\/uploads\/repertoire-extrait-768x682.jpg 768w, https:\/\/www.oap-uaicf-paris.fr\/wp-content\/uploads\/repertoire-extrait-300x266.jpg 300w\" sizes=\"auto, (max-width: 791px) 100vw, 791px\" \/><\/figure>\n\n\n\n<p>La grande \u00e9tendue du r\u00e9pertoire de l\u2019OAP UAICF de Paris permet de r\u00e9aliser les programmes les plus divers avec des \u0153uvres folkloriques, r\u00e9cr\u00e9atives, de purs divertissements, de forme romantique ou encore classique.<\/p>\n\n\n\n<h2 class=\"wp-block-heading\">Notes de Voyage<\/h2>\n\n\n\n<p>Nous avons enregistr\u00e9 ce CD au mois de f\u00e9vrier 2012 et il reprend une grande partie de nos programmes de 2010 \u00e0 2012.<\/p>\n\n\n<div class=\"wp-block-image\">\n<figure class=\"aligncenter size-full is-resized\"><img loading=\"lazy\" decoding=\"async\" width=\"533\" height=\"547\" src=\"http:\/\/www.oap-uaicf-paris.fr\/wp-content\/uploads\/cd2012_front.jpg\" alt=\"\" class=\"wp-image-133\" style=\"width:533px;height:auto\" srcset=\"https:\/\/www.oap-uaicf-paris.fr\/wp-content\/uploads\/cd2012_front.jpg 533w, https:\/\/www.oap-uaicf-paris.fr\/wp-content\/uploads\/cd2012_front-292x300.jpg 292w\" sizes=\"auto, (max-width: 533px) 100vw, 533px\" \/><\/figure>\n<\/div>\n\n\n<p>Vous pouvez \u00e9couter les extraits du CD:<\/p>\n\n\n<div class=\"wp-playlist wp-audio-playlist wp-playlist-light\">\n\t\t\t<div class=\"wp-playlist-current-item\"><\/div>\n\t\t<audio controls=\"controls\" preload=\"none\" width=\"582\"\n\t\t\t><\/audio>\n\t<div class=\"wp-playlist-next\"><\/div>\n\t<div class=\"wp-playlist-prev\"><\/div>\n\t<noscript>\n\t<ol>\n\t\t<li><a href='https:\/\/www.oap-uaicf-paris.fr\/wp-content\/uploads\/01.mp3'>L'Ile enchant\u00e9e<\/a><\/li><li><a href='https:\/\/www.oap-uaicf-paris.fr\/wp-content\/uploads\/02.mp3'>Peer Gynt - Chanson de Solveig<\/a><\/li><li><a href='https:\/\/www.oap-uaicf-paris.fr\/wp-content\/uploads\/03.mp3'>Peer Gynt - La mort d'Ase<\/a><\/li><li><a href='https:\/\/www.oap-uaicf-paris.fr\/wp-content\/uploads\/04.mp3'>Peer Gynt - La danse d'Anitra<\/a><\/li><li><a href='https:\/\/www.oap-uaicf-paris.fr\/wp-content\/uploads\/05.mp3'>A Tokyo<\/a><\/li>\t<\/ol>\n\t<\/noscript>\n\t<script type=\"application\/json\" class=\"wp-playlist-script\">{\"type\":\"audio\",\"tracklist\":true,\"tracknumbers\":true,\"images\":false,\"artists\":false,\"tracks\":[{\"src\":\"https:\/\/www.oap-uaicf-paris.fr\/wp-content\/uploads\/01.mp3\",\"type\":\"audio\/mpeg\",\"title\":\"L'Ile enchant\\u00e9e\",\"caption\":\"L'Ile enchant\\u00e9e\",\"description\":\"\\u003Ci\\u003EL'Ile enchant\\u00e9e\\u003C\/i\\u003E.\",\"meta\":{\"artist\":\"OAP UAICF de Paris\",\"album\":\"Notes de Voyage\",\"length_formatted\":\"1:00\"},\"image\":{\"src\":\"https:\/\/www.oap-uaicf-paris.fr\/wp-includes\/images\/media\/audio.svg\",\"width\":48,\"height\":64},\"thumb\":{\"src\":\"https:\/\/www.oap-uaicf-paris.fr\/wp-includes\/images\/media\/audio.svg\",\"width\":48,\"height\":64}},{\"src\":\"https:\/\/www.oap-uaicf-paris.fr\/wp-content\/uploads\/02.mp3\",\"type\":\"audio\/mpeg\",\"title\":\"Peer Gynt - Chanson de Solveig\",\"caption\":\"Peer Gynt - Chanson de Solveig\",\"description\":\"\\u003Ci\\u003EPeer Gynt - Chanson de Solveig\\u003C\/i\\u003E.\",\"meta\":{\"artist\":\"OAP UAICF de Paris\",\"album\":\"Notes de Voyage\",\"length_formatted\":\"0:47\"},\"image\":{\"src\":\"https:\/\/www.oap-uaicf-paris.fr\/wp-includes\/images\/media\/audio.svg\",\"width\":48,\"height\":64},\"thumb\":{\"src\":\"https:\/\/www.oap-uaicf-paris.fr\/wp-includes\/images\/media\/audio.svg\",\"width\":48,\"height\":64}},{\"src\":\"https:\/\/www.oap-uaicf-paris.fr\/wp-content\/uploads\/03.mp3\",\"type\":\"audio\/mpeg\",\"title\":\"Peer Gynt - La mort d'Ase\",\"caption\":\"Peer Gynt - La mort d'Ase\",\"description\":\"\\u003Ci\\u003EPeer Gynt - La mort d'Ase\\u003C\/i\\u003E.\",\"meta\":{\"artist\":\"OAP UAICF de Paris\",\"album\":\"Note de Voyage\",\"length_formatted\":\"0:58\"},\"image\":{\"src\":\"https:\/\/www.oap-uaicf-paris.fr\/wp-includes\/images\/media\/audio.svg\",\"width\":48,\"height\":64},\"thumb\":{\"src\":\"https:\/\/www.oap-uaicf-paris.fr\/wp-includes\/images\/media\/audio.svg\",\"width\":48,\"height\":64}},{\"src\":\"https:\/\/www.oap-uaicf-paris.fr\/wp-content\/uploads\/04.mp3\",\"type\":\"audio\/mpeg\",\"title\":\"Peer Gynt - La danse d'Anitra\",\"caption\":\"Peer Gynt - La danse d'Anitra\",\"description\":\"\\u003Ci\\u003EPeer Gynt - La danse d'Anitra\\u003C\/i\\u003E.\",\"meta\":{\"artist\":\"OAP UAICF de Paris\",\"album\":\"Notes de Voyage\",\"length_formatted\":\"0:34\"},\"image\":{\"src\":\"https:\/\/www.oap-uaicf-paris.fr\/wp-includes\/images\/media\/audio.svg\",\"width\":48,\"height\":64},\"thumb\":{\"src\":\"https:\/\/www.oap-uaicf-paris.fr\/wp-includes\/images\/media\/audio.svg\",\"width\":48,\"height\":64}},{\"src\":\"https:\/\/www.oap-uaicf-paris.fr\/wp-content\/uploads\/05.mp3\",\"type\":\"audio\/mpeg\",\"title\":\"A Tokyo\",\"caption\":\"A Tokyo\",\"description\":\"\\u003Ci\\u003EA Tokyo\\u003C\/i\\u003E.\",\"meta\":{\"artist\":\"OAP UAICF de Paris\",\"album\":\"Notes de Voyage\",\"length_formatted\":\"0:50\"},\"image\":{\"src\":\"https:\/\/www.oap-uaicf-paris.fr\/wp-includes\/images\/media\/audio.svg\",\"width\":48,\"height\":64},\"thumb\":{\"src\":\"https:\/\/www.oap-uaicf-paris.fr\/wp-includes\/images\/media\/audio.svg\",\"width\":48,\"height\":64}}]}<\/script>\n<\/div>\n\t\n\n\n\n<p>Il est en vente au prix de 15\u20ac lors de nos concerts.<\/p>\n\n\n\n<p>Vous pouvez aussi le commander en envoyant un email \u00e0 contact@oap-uaicf-paris.fr et en indiquant bien votre <strong>adresse et num\u00e9ro de t\u00e9l\u00e9phone<\/strong>. Nous vous le ferons parvenir dans les plus brefs d\u00e9lais en envoi \u00ab\u00a0contre-remboursement\u00a0\u00bb (compter environ 2\u20ac de frais d&rsquo;envoi).<\/p>\n\n\n\n<p><\/p>\n","protected":false},"excerpt":{"rendered":"<p>Notre r\u00e9pertoire s&rsquo;est \u00e9toff\u00e9 au fil des ans et compte maintenant environs 500 \u0153uvres de styles vari\u00e9s (folkloriques, l\u00e9g\u00e8res, classiques, anciennes et contemporaines) A titre d\u2019exemple, voici quelques titres qui figurent \u00e0 notre programme actuel : La grande \u00e9tendue du r\u00e9pertoire de l\u2019OAP UAICF de Paris permet de r\u00e9aliser les programmes les plus divers avec &hellip; <a href=\"https:\/\/www.oap-uaicf-paris.fr\/?page_id=34\" class=\"more-link\">Continuer la lecture de <span class=\"screen-reader-text\">R\u00e9pertoire<\/span> <span class=\"meta-nav\">&rarr;<\/span><\/a><\/p>\n","protected":false},"author":2,"featured_media":0,"parent":30,"menu_order":0,"comment_status":"closed","ping_status":"closed","template":"","meta":{"_mc_calendar":[],"footnotes":""},"class_list":["post-34","page","type-page","status-publish","hentry"],"_links":{"self":[{"href":"https:\/\/www.oap-uaicf-paris.fr\/index.php?rest_route=\/wp\/v2\/pages\/34","targetHints":{"allow":["GET"]}}],"collection":[{"href":"https:\/\/www.oap-uaicf-paris.fr\/index.php?rest_route=\/wp\/v2\/pages"}],"about":[{"href":"https:\/\/www.oap-uaicf-paris.fr\/index.php?rest_route=\/wp\/v2\/types\/page"}],"author":[{"embeddable":true,"href":"https:\/\/www.oap-uaicf-paris.fr\/index.php?rest_route=\/wp\/v2\/users\/2"}],"replies":[{"embeddable":true,"href":"https:\/\/www.oap-uaicf-paris.fr\/index.php?rest_route=%2Fwp%2Fv2%2Fcomments&post=34"}],"version-history":[{"count":4,"href":"https:\/\/www.oap-uaicf-paris.fr\/index.php?rest_route=\/wp\/v2\/pages\/34\/revisions"}],"predecessor-version":[{"id":874,"href":"https:\/\/www.oap-uaicf-paris.fr\/index.php?rest_route=\/wp\/v2\/pages\/34\/revisions\/874"}],"up":[{"embeddable":true,"href":"https:\/\/www.oap-uaicf-paris.fr\/index.php?rest_route=\/wp\/v2\/pages\/30"}],"wp:attachment":[{"href":"https:\/\/www.oap-uaicf-paris.fr\/index.php?rest_route=%2Fwp%2Fv2%2Fmedia&parent=34"}],"curies":[{"name":"wp","href":"https:\/\/api.w.org\/{rel}","templated":true}]}}