{"id":40,"date":"2017-02-25T19:21:27","date_gmt":"2017-02-25T19:21:27","guid":{"rendered":"http:\/\/sitewp.oap-uaicf-paris.fr\/?page_id=40"},"modified":"2026-04-07T11:01:18","modified_gmt":"2026-04-07T09:01:18","slug":"conseil-dadministration","status":"publish","type":"page","link":"https:\/\/www.oap-uaicf-paris.fr\/?page_id=40","title":{"rendered":"Conseil d&rsquo;administration"},"content":{"rendered":"<h3><strong>Le pr\u00e9sident<\/strong><\/h3>\n<p>Philippe BRUGNONI<\/p>\n<h3><strong>Le secr\u00e9taire<\/strong><\/h3>\n<p>Michel LECOMTE<\/p>\n<h3><strong>La tr\u00e9sori\u00e8re<\/strong><\/h3>\n<p>Laurence WAGNER-PETIT<\/p>\n<h3><strong>Les administrateurs<\/strong><\/h3>\n<p>Gabriela BUETTNER<br \/>\nB\u00e9atrice CHAMPILOU<br \/>\nMeryem SADI<br \/>\nVincent LU<\/p>\n<h3><strong>Le directeur musical<\/strong><\/h3>\n<p>Fabrice PETIT<\/p>\n","protected":false},"excerpt":{"rendered":"<p>Le pr\u00e9sident Philippe BRUGNONI Le secr\u00e9taire Michel LECOMTE La tr\u00e9sori\u00e8re Laurence WAGNER-PETIT Les administrateurs Gabriela BUETTNER B\u00e9atrice CHAMPILOU Meryem SADI Vincent LU Le directeur musical Fabrice PETIT<\/p>\n","protected":false},"author":3,"featured_media":0,"parent":30,"menu_order":0,"comment_status":"closed","ping_status":"closed","template":"","meta":{"_mc_calendar":[],"footnotes":""},"class_list":["post-40","page","type-page","status-publish","hentry"],"_links":{"self":[{"href":"https:\/\/www.oap-uaicf-paris.fr\/index.php?rest_route=\/wp\/v2\/pages\/40","targetHints":{"allow":["GET"]}}],"collection":[{"href":"https:\/\/www.oap-uaicf-paris.fr\/index.php?rest_route=\/wp\/v2\/pages"}],"about":[{"href":"https:\/\/www.oap-uaicf-paris.fr\/index.php?rest_route=\/wp\/v2\/types\/page"}],"author":[{"embeddable":true,"href":"https:\/\/www.oap-uaicf-paris.fr\/index.php?rest_route=\/wp\/v2\/users\/3"}],"replies":[{"embeddable":true,"href":"https:\/\/www.oap-uaicf-paris.fr\/index.php?rest_route=%2Fwp%2Fv2%2Fcomments&post=40"}],"version-history":[{"count":11,"href":"https:\/\/www.oap-uaicf-paris.fr\/index.php?rest_route=\/wp\/v2\/pages\/40\/revisions"}],"predecessor-version":[{"id":1025,"href":"https:\/\/www.oap-uaicf-paris.fr\/index.php?rest_route=\/wp\/v2\/pages\/40\/revisions\/1025"}],"up":[{"embeddable":true,"href":"https:\/\/www.oap-uaicf-paris.fr\/index.php?rest_route=\/wp\/v2\/pages\/30"}],"wp:attachment":[{"href":"https:\/\/www.oap-uaicf-paris.fr\/index.php?rest_route=%2Fwp%2Fv2%2Fmedia&parent=40"}],"curies":[{"name":"wp","href":"https:\/\/api.w.org\/{rel}","templated":true}]}}