{"id":42,"date":"2017-02-25T19:25:45","date_gmt":"2017-02-25T19:25:45","guid":{"rendered":"http:\/\/sitewp.oap-uaicf-paris.fr\/?page_id=42"},"modified":"2025-03-24T10:59:49","modified_gmt":"2025-03-24T08:59:49","slug":"cours","status":"publish","type":"page","link":"https:\/\/www.oap-uaicf-paris.fr\/?page_id=42","title":{"rendered":"Enseignement"},"content":{"rendered":"\n<h2 class=\"wp-block-heading has-medium-font-size\"><strong>Mandoline, mandole et mandoloncelle<\/strong><\/h2>\n\n\n\n<p>Vous souhaitez apprendre \u00e0 jouer ou perfectionner votre technique ?<\/p>\n\n\n\n<p><strong>Laurence WAGNER-PETIT<\/strong>, notre 1\u00e8re mandoline soliste, donne des cours tous les samedis matin dans notre salle de r\u00e9p\u00e9tition au 190 avenue de Clichy, 75017 Paris. Vous pouvez la contacter au <strong>06 82 52 92 94<\/strong>.<\/p>\n\n\n\n<p>Elle enseigne aussi &nbsp;au Conservatoire de Courbevoie, ainsi qu&rsquo;\u00e0 l\u2019\u00c9cole de Musique SNCF Georges Fornet de Paris.<\/p>\n\n\n\n<hr class=\"wp-block-separator has-alpha-channel-opacity\"\/>\n\n\n\n<p>Pour tout renseignement compl\u00e9mentaire, n&rsquo;h\u00e9sitez pas \u00e0 nous contacter via cette adresse de messagerie : <a href=\"mailto:contact@oap-uaicf-paris.fr\">contact@oap-uaicf-paris.fr<\/a><\/p>\n\n\n\n<p><\/p>\n","protected":false},"excerpt":{"rendered":"<p>Mandoline, mandole et mandoloncelle Vous souhaitez apprendre \u00e0 jouer ou perfectionner votre technique ? Laurence WAGNER-PETIT, notre 1\u00e8re mandoline soliste, donne des cours tous les samedis matin dans notre salle de r\u00e9p\u00e9tition au 190 avenue de Clichy, 75017 Paris. Vous pouvez la contacter au 06 82 52 92 94. Elle enseigne aussi &nbsp;au Conservatoire de &hellip; <a href=\"https:\/\/www.oap-uaicf-paris.fr\/?page_id=42\" class=\"more-link\">Continuer la lecture de <span class=\"screen-reader-text\">Enseignement<\/span> <span class=\"meta-nav\">&rarr;<\/span><\/a><\/p>\n","protected":false},"author":3,"featured_media":0,"parent":0,"menu_order":0,"comment_status":"closed","ping_status":"closed","template":"","meta":{"_mc_calendar":[],"footnotes":""},"class_list":["post-42","page","type-page","status-publish","hentry"],"_links":{"self":[{"href":"https:\/\/www.oap-uaicf-paris.fr\/index.php?rest_route=\/wp\/v2\/pages\/42","targetHints":{"allow":["GET"]}}],"collection":[{"href":"https:\/\/www.oap-uaicf-paris.fr\/index.php?rest_route=\/wp\/v2\/pages"}],"about":[{"href":"https:\/\/www.oap-uaicf-paris.fr\/index.php?rest_route=\/wp\/v2\/types\/page"}],"author":[{"embeddable":true,"href":"https:\/\/www.oap-uaicf-paris.fr\/index.php?rest_route=\/wp\/v2\/users\/3"}],"replies":[{"embeddable":true,"href":"https:\/\/www.oap-uaicf-paris.fr\/index.php?rest_route=%2Fwp%2Fv2%2Fcomments&post=42"}],"version-history":[{"count":3,"href":"https:\/\/www.oap-uaicf-paris.fr\/index.php?rest_route=\/wp\/v2\/pages\/42\/revisions"}],"predecessor-version":[{"id":819,"href":"https:\/\/www.oap-uaicf-paris.fr\/index.php?rest_route=\/wp\/v2\/pages\/42\/revisions\/819"}],"wp:attachment":[{"href":"https:\/\/www.oap-uaicf-paris.fr\/index.php?rest_route=%2Fwp%2Fv2%2Fmedia&parent=42"}],"curies":[{"name":"wp","href":"https:\/\/api.w.org\/{rel}","templated":true}]}}